{"id":199,"date":"2019-01-30T23:28:41","date_gmt":"2019-01-30T22:28:41","guid":{"rendered":"http:\/\/foto-darceky.sk\/?page_id=199"},"modified":"2019-02-06T01:17:02","modified_gmt":"2019-02-06T00:17:02","slug":"vitajte","status":"publish","type":"page","link":"https:\/\/foto-darceky.sk\/","title":{"rendered":"Vitajte vo svete Fotodar\u010dekov"},"content":{"rendered":"\n<h2><\/h2>\n\n\n\n<p><a rel=\"noreferrer noopener\" href=\"http:\/\/www.marte.sk\/\" target=\"_blank\"><\/a>Sme zdru\u017eenie odborn\u00edkov a nad\u0161encov pre nov\u00e9 technol\u00f3gie. Za ka\u017edou oblas\u0165ou z na\u0161\u00edch slu\u017eieb sa skr\u00fdva nieko\u013eko \u0161pecializovan\u00fdch odborn\u00edkov. Prioritou z na\u0161ich oblast\u00ed je hlavne v\u00fdroba fotodar\u010dekov. Ku ka\u017ed\u00e9mu z\u00e1kazn\u00edkovi pristupujeme individu\u00e1lne. Sna\u017e\u00edme sa, aby bol jeho fotodar\u010dek ve\u013emi kvalitn\u00fd, ale aj jedine\u010dn\u00fd. Preto v\u00e1m potla\u010d urob\u00edme nielen z va\u0161ich fotograf\u00ed\u00ed, ale radi v\u00e1m vypracujeme grafick\u00fd n\u00e1vrh priamo na mieru. Sme pripraven\u00ed po\u010d\u00fava\u0165 va\u0161e priania. Smelo n\u00e1s kontaktujte.<\/p>\n\n\n\n<div class=\"wp-block-image\"><figure class=\"aligncenter\"><img loading=\"lazy\" width=\"1024\" height=\"768\" src=\"http:\/\/foto-darceky.sk\/wp-content\/uploads\/2019\/01\/desk-eyeglasses-map-163136-1-1024x768.jpg\" alt=\"\" class=\"wp-image-200\" srcset=\"https:\/\/foto-darceky.sk\/wp-content\/uploads\/2019\/01\/desk-eyeglasses-map-163136-1-1024x768.jpg 1024w, https:\/\/foto-darceky.sk\/wp-content\/uploads\/2019\/01\/desk-eyeglasses-map-163136-1-600x450.jpg 600w, https:\/\/foto-darceky.sk\/wp-content\/uploads\/2019\/01\/desk-eyeglasses-map-163136-1-300x225.jpg 300w, https:\/\/foto-darceky.sk\/wp-content\/uploads\/2019\/01\/desk-eyeglasses-map-163136-1-768x576.jpg 768w, https:\/\/foto-darceky.sk\/wp-content\/uploads\/2019\/01\/desk-eyeglasses-map-163136-1-400x300.jpg 400w\" sizes=\"(max-width: 1024px) 100vw, 1024px\" \/><\/figure><\/div>\n\n\n\n<h2>Top produkty<\/h2>\n\n\n<div data-block-name=\"woocommerce\/handpicked-products\" data-products=\"[503,506,508,510]\" class=\"wc-block-grid wp-block-handpicked-products wc-block-handpicked-products has-3-columns has-multiple-rows\"><ul class=\"wc-block-grid__products\"><li class=\"wc-block-grid__product\">\n\t\t\t\t<a href=\"https:\/\/foto-darceky.sk\/?product=turisticka-flasa-s-karabinkou\" class=\"wc-block-grid__product-link\">\n\t\t\t\t\t<div class=\"wc-block-grid__product-image\"><img width=\"300\" height=\"300\" src=\"https:\/\/foto-darceky.sk\/wp-content\/uploads\/2019\/02\/F4903703PD2-300x300.jpg\" class=\"attachment-woocommerce_thumbnail size-woocommerce_thumbnail\" alt=\"Turistick\u00e1 f\u013ea\u0161a s karab\u00ednkou\" loading=\"lazy\" srcset=\"https:\/\/foto-darceky.sk\/wp-content\/uploads\/2019\/02\/F4903703PD2-300x300.jpg 300w, https:\/\/foto-darceky.sk\/wp-content\/uploads\/2019\/02\/F4903703PD2-150x150.jpg 150w, https:\/\/foto-darceky.sk\/wp-content\/uploads\/2019\/02\/F4903703PD2-600x600.jpg 600w, https:\/\/foto-darceky.sk\/wp-content\/uploads\/2019\/02\/F4903703PD2-100x100.jpg 100w, https:\/\/foto-darceky.sk\/wp-content\/uploads\/2019\/02\/F4903703PD2.jpg 700w\" sizes=\"(max-width: 300px) 100vw, 300px\" \/><\/div>\n\t\t\t\t\t<div class=\"wc-block-grid__product-title\">Turistick\u00e1 f\u013ea\u0161a s karab\u00ednkou<\/div>\n\t\t\t\t<\/a>\n\t\t\t\t\n\t\t\t\t<div class=\"wc-block-grid__product-price price\"><span class=\"woocommerce-Price-amount amount\"><span class=\"woocommerce-Price-currencySymbol\">&euro;<\/span>13.90<\/span><\/div>\n\t\t\t\t\n\t\t\t\t<div class=\"wp-block-button wc-block-grid__product-add-to-cart\"><a href=\"?add-to-cart=510\" aria-label=\"Prida\u0165 &ldquo;Turistick\u00e1 f\u013ea\u0161a s karab\u00ednkou&rdquo; do ko\u0161\u00edka\" data-quantity=\"1\" data-product_id=\"510\" data-product_sku=\"\" rel=\"nofollow\" class=\"wp-block-button__link add_to_cart_button ajax_add_to_cart\">Prida\u0165 do ko\u0161\u00edka<\/a><\/div>\n\t\t\t<\/li><li class=\"wc-block-grid__product\">\n\t\t\t\t<a href=\"https:\/\/foto-darceky.sk\/?product=nerezovy-hrncek-s-karabinkou\" class=\"wc-block-grid__product-link\">\n\t\t\t\t\t<div class=\"wc-block-grid__product-image\"><img width=\"300\" height=\"300\" src=\"https:\/\/foto-darceky.sk\/wp-content\/uploads\/2019\/02\/44-300x300.jpg\" class=\"attachment-woocommerce_thumbnail size-woocommerce_thumbnail\" alt=\"Nerezov\u00fd hrn\u010dek s karab\u00ednkou\" loading=\"lazy\" srcset=\"https:\/\/foto-darceky.sk\/wp-content\/uploads\/2019\/02\/44-300x300.jpg 300w, https:\/\/foto-darceky.sk\/wp-content\/uploads\/2019\/02\/44-150x150.jpg 150w, https:\/\/foto-darceky.sk\/wp-content\/uploads\/2019\/02\/44-768x768.jpg 768w, https:\/\/foto-darceky.sk\/wp-content\/uploads\/2019\/02\/44-1024x1024.jpg 1024w, https:\/\/foto-darceky.sk\/wp-content\/uploads\/2019\/02\/44-600x600.jpg 600w, https:\/\/foto-darceky.sk\/wp-content\/uploads\/2019\/02\/44-100x100.jpg 100w, https:\/\/foto-darceky.sk\/wp-content\/uploads\/2019\/02\/44.jpg 2000w\" sizes=\"(max-width: 300px) 100vw, 300px\" \/><\/div>\n\t\t\t\t\t<div class=\"wc-block-grid__product-title\">Nerezov\u00fd hrn\u010dek s karab\u00ednkou<\/div>\n\t\t\t\t<\/a>\n\t\t\t\t\n\t\t\t\t<div class=\"wc-block-grid__product-price price\"><span class=\"woocommerce-Price-amount amount\"><span class=\"woocommerce-Price-currencySymbol\">&euro;<\/span>11.90<\/span><\/div>\n\t\t\t\t\n\t\t\t\t<div class=\"wp-block-button wc-block-grid__product-add-to-cart\"><a href=\"?add-to-cart=508\" aria-label=\"Prida\u0165 &ldquo;Nerezov\u00fd hrn\u010dek s karab\u00ednkou&rdquo; do ko\u0161\u00edka\" data-quantity=\"1\" data-product_id=\"508\" data-product_sku=\"\" rel=\"nofollow\" class=\"wp-block-button__link add_to_cart_button ajax_add_to_cart\">Prida\u0165 do ko\u0161\u00edka<\/a><\/div>\n\t\t\t<\/li><li class=\"wc-block-grid__product\">\n\t\t\t\t<a href=\"https:\/\/foto-darceky.sk\/?product=nerezovy-hrncek\" class=\"wc-block-grid__product-link\">\n\t\t\t\t\t<div class=\"wc-block-grid__product-image\"><img width=\"300\" height=\"300\" src=\"https:\/\/foto-darceky.sk\/wp-content\/uploads\/2019\/02\/43-300x300.jpg\" class=\"attachment-woocommerce_thumbnail size-woocommerce_thumbnail\" alt=\"Nerezov\u00fd hrn\u010dek\" loading=\"lazy\" srcset=\"https:\/\/foto-darceky.sk\/wp-content\/uploads\/2019\/02\/43-300x300.jpg 300w, https:\/\/foto-darceky.sk\/wp-content\/uploads\/2019\/02\/43-150x150.jpg 150w, https:\/\/foto-darceky.sk\/wp-content\/uploads\/2019\/02\/43-768x768.jpg 768w, https:\/\/foto-darceky.sk\/wp-content\/uploads\/2019\/02\/43-1024x1024.jpg 1024w, https:\/\/foto-darceky.sk\/wp-content\/uploads\/2019\/02\/43-600x600.jpg 600w, https:\/\/foto-darceky.sk\/wp-content\/uploads\/2019\/02\/43-100x100.jpg 100w, https:\/\/foto-darceky.sk\/wp-content\/uploads\/2019\/02\/43.jpg 2000w\" sizes=\"(max-width: 300px) 100vw, 300px\" \/><\/div>\n\t\t\t\t\t<div class=\"wc-block-grid__product-title\">Nerezov\u00fd hrn\u010dek<\/div>\n\t\t\t\t<\/a>\n\t\t\t\t\n\t\t\t\t<div class=\"wc-block-grid__product-price price\"><span class=\"woocommerce-Price-amount amount\"><span class=\"woocommerce-Price-currencySymbol\">&euro;<\/span>11.90<\/span><\/div>\n\t\t\t\t\n\t\t\t\t<div class=\"wp-block-button wc-block-grid__product-add-to-cart\"><a href=\"?add-to-cart=506\" aria-label=\"Prida\u0165 &ldquo;Nerezov\u00fd hrn\u010dek&rdquo; do ko\u0161\u00edka\" data-quantity=\"1\" data-product_id=\"506\" data-product_sku=\"\" rel=\"nofollow\" class=\"wp-block-button__link add_to_cart_button ajax_add_to_cart\">Prida\u0165 do ko\u0161\u00edka<\/a><\/div>\n\t\t\t<\/li><li class=\"wc-block-grid__product\">\n\t\t\t\t<a href=\"https:\/\/foto-darceky.sk\/?product=smaltovany-hrncek\" class=\"wc-block-grid__product-link\">\n\t\t\t\t\t<div class=\"wc-block-grid__product-image\"><img width=\"300\" height=\"300\" src=\"https:\/\/foto-darceky.sk\/wp-content\/uploads\/2019\/02\/42-300x300.jpg\" class=\"attachment-woocommerce_thumbnail size-woocommerce_thumbnail\" alt=\"Smaltovan\u00fd hrn\u010dek\" loading=\"lazy\" srcset=\"https:\/\/foto-darceky.sk\/wp-content\/uploads\/2019\/02\/42-300x300.jpg 300w, https:\/\/foto-darceky.sk\/wp-content\/uploads\/2019\/02\/42-150x150.jpg 150w, https:\/\/foto-darceky.sk\/wp-content\/uploads\/2019\/02\/42-768x768.jpg 768w, https:\/\/foto-darceky.sk\/wp-content\/uploads\/2019\/02\/42-1024x1024.jpg 1024w, https:\/\/foto-darceky.sk\/wp-content\/uploads\/2019\/02\/42-600x600.jpg 600w, https:\/\/foto-darceky.sk\/wp-content\/uploads\/2019\/02\/42-100x100.jpg 100w, https:\/\/foto-darceky.sk\/wp-content\/uploads\/2019\/02\/42.jpg 2000w\" sizes=\"(max-width: 300px) 100vw, 300px\" \/><\/div>\n\t\t\t\t\t<div class=\"wc-block-grid__product-title\">Smaltovan\u00fd hrn\u010dek<\/div>\n\t\t\t\t<\/a>\n\t\t\t\t\n\t\t\t\t<div class=\"wc-block-grid__product-price price\"><span class=\"woocommerce-Price-amount amount\"><span class=\"woocommerce-Price-currencySymbol\">&euro;<\/span>10.90<\/span><\/div>\n\t\t\t\t\n\t\t\t\t<div class=\"wp-block-button wc-block-grid__product-add-to-cart\"><a href=\"?add-to-cart=503\" aria-label=\"Prida\u0165 &ldquo;Smaltovan\u00fd hrn\u010dek&rdquo; do ko\u0161\u00edka\" data-quantity=\"1\" data-product_id=\"503\" data-product_sku=\"\" rel=\"nofollow\" class=\"wp-block-button__link add_to_cart_button ajax_add_to_cart\">Prida\u0165 do ko\u0161\u00edka<\/a><\/div>\n\t\t\t<\/li><\/ul><\/div>","protected":false},"excerpt":{"rendered":"<p>Sme zdru\u017eenie odborn\u00edkov a nad\u0161encov pre nov\u00e9 technol\u00f3gie. Za ka\u017edou oblas\u0165ou z na\u0161\u00edch slu\u017eieb sa skr\u00fdva nieko\u013eko \u0161pecializovan\u00fdch odborn\u00edkov. Prioritou z na\u0161ich oblast\u00ed je hlavne v\u00fdroba fotodar\u010dekov. Ku ka\u017ed\u00e9mu z\u00e1kazn\u00edkovi pristupujeme individu\u00e1lne. Sna\u017e\u00edme sa, aby bol jeho fotodar\u010dek ve\u013emi kvalitn\u00fd, ale aj jedine\u010dn\u00fd. Preto v\u00e1m potla\u010d urob\u00edme nielen z va\u0161ich &hellip;<\/p>\n","protected":false},"author":1,"featured_media":0,"parent":0,"menu_order":0,"comment_status":"closed","ping_status":"closed","template":"","meta":[],"yoast_head":"<!-- This site is optimized with the Yoast SEO plugin v19.3 - https:\/\/yoast.com\/wordpress\/plugins\/seo\/ -->\n<title>Vitajte vo svete Fotodar\u010dekov - Foto dar\u010deky<\/title>\n<meta name=\"robots\" content=\"index, follow, max-snippet:-1, max-image-preview:large, max-video-preview:-1\" \/>\n<link rel=\"canonical\" href=\"https:\/\/foto-darceky.sk\/\" \/>\n<meta property=\"og:locale\" content=\"sk_SK\" \/>\n<meta property=\"og:type\" content=\"article\" \/>\n<meta property=\"og:title\" content=\"Vitajte vo svete Fotodar\u010dekov - Foto dar\u010deky\" \/>\n<meta property=\"og:description\" content=\"Sme zdru\u017eenie odborn\u00edkov a nad\u0161encov pre nov\u00e9 technol\u00f3gie. Za ka\u017edou oblas\u0165ou z na\u0161\u00edch slu\u017eieb sa skr\u00fdva nieko\u013eko \u0161pecializovan\u00fdch odborn\u00edkov. Prioritou z na\u0161ich oblast\u00ed je hlavne v\u00fdroba fotodar\u010dekov. Ku ka\u017ed\u00e9mu z\u00e1kazn\u00edkovi pristupujeme individu\u00e1lne. Sna\u017e\u00edme sa, aby bol jeho fotodar\u010dek ve\u013emi kvalitn\u00fd, ale aj jedine\u010dn\u00fd. Preto v\u00e1m potla\u010d urob\u00edme nielen z va\u0161ich &hellip;\" \/>\n<meta property=\"og:url\" content=\"https:\/\/foto-darceky.sk\/\" \/>\n<meta property=\"og:site_name\" content=\"Foto dar\u010deky\" \/>\n<meta property=\"article:modified_time\" content=\"2019-02-06T00:17:02+00:00\" \/>\n<meta property=\"og:image\" content=\"http:\/\/foto-darceky.sk\/wp-content\/uploads\/2019\/01\/desk-eyeglasses-map-163136-1-1024x768.jpg\" \/>\n<meta name=\"twitter:card\" content=\"summary_large_image\" \/>\n<meta name=\"twitter:label1\" content=\"Predpokladan\u00fd \u010das \u010d\u00edtania\" \/>\n\t<meta name=\"twitter:data1\" content=\"1 min\u00fata\" \/>\n<script type=\"application\/ld+json\" class=\"yoast-schema-graph\">{\"@context\":\"https:\/\/schema.org\",\"@graph\":[{\"@type\":\"Organization\",\"@id\":\"https:\/\/foto-darceky.sk\/#organization\",\"name\":\"Foto dar\u010deky\",\"url\":\"https:\/\/foto-darceky.sk\/\",\"sameAs\":[],\"logo\":{\"@type\":\"ImageObject\",\"inLanguage\":\"sk-SK\",\"@id\":\"https:\/\/foto-darceky.sk\/#\/schema\/logo\/image\/\",\"url\":\"https:\/\/foto-darceky.sk\/wp-content\/uploads\/2019\/01\/cropped-PicsArt_01-31-09.45.11-4.jpg\",\"contentUrl\":\"https:\/\/foto-darceky.sk\/wp-content\/uploads\/2019\/01\/cropped-PicsArt_01-31-09.45.11-4.jpg\",\"width\":1498,\"height\":742,\"caption\":\"Foto dar\u010deky\"},\"image\":{\"@id\":\"https:\/\/foto-darceky.sk\/#\/schema\/logo\/image\/\"}},{\"@type\":\"WebSite\",\"@id\":\"https:\/\/foto-darceky.sk\/#website\",\"url\":\"https:\/\/foto-darceky.sk\/\",\"name\":\"Foto dar\u010deky\",\"description\":\"Zachy\u0165 okamih kdeko\u013evek bude\u0161 a my ti z neho urob\u00edme do\u017eivotn\u00fa spomienku\",\"publisher\":{\"@id\":\"https:\/\/foto-darceky.sk\/#organization\"},\"potentialAction\":[{\"@type\":\"SearchAction\",\"target\":{\"@type\":\"EntryPoint\",\"urlTemplate\":\"https:\/\/foto-darceky.sk\/?s={search_term_string}\"},\"query-input\":\"required name=search_term_string\"}],\"inLanguage\":\"sk-SK\"},{\"@type\":\"ImageObject\",\"inLanguage\":\"sk-SK\",\"@id\":\"https:\/\/foto-darceky.sk\/#primaryimage\",\"url\":\"http:\/\/foto-darceky.sk\/wp-content\/uploads\/2019\/01\/desk-eyeglasses-map-163136-1-1024x768.jpg\",\"contentUrl\":\"http:\/\/foto-darceky.sk\/wp-content\/uploads\/2019\/01\/desk-eyeglasses-map-163136-1-1024x768.jpg\"},{\"@type\":\"WebPage\",\"@id\":\"https:\/\/foto-darceky.sk\/\",\"url\":\"https:\/\/foto-darceky.sk\/\",\"name\":\"Vitajte vo svete Fotodar\u010dekov - Foto dar\u010deky\",\"isPartOf\":{\"@id\":\"https:\/\/foto-darceky.sk\/#website\"},\"primaryImageOfPage\":{\"@id\":\"https:\/\/foto-darceky.sk\/#primaryimage\"},\"datePublished\":\"2019-01-30T22:28:41+00:00\",\"dateModified\":\"2019-02-06T00:17:02+00:00\",\"breadcrumb\":{\"@id\":\"https:\/\/foto-darceky.sk\/#breadcrumb\"},\"inLanguage\":\"sk-SK\",\"potentialAction\":[{\"@type\":\"ReadAction\",\"target\":[\"https:\/\/foto-darceky.sk\/\"]}]},{\"@type\":\"BreadcrumbList\",\"@id\":\"https:\/\/foto-darceky.sk\/#breadcrumb\",\"itemListElement\":[{\"@type\":\"ListItem\",\"position\":1,\"name\":\"Home\",\"item\":\"https:\/\/foto-darceky.sk\/\"},{\"@type\":\"ListItem\",\"position\":2,\"name\":\"Vitajte vo svete Fotodar\u010dekov\"}]}]}<\/script>\n<!-- \/ Yoast SEO plugin. -->","yoast_head_json":{"title":"Vitajte vo svete Fotodar\u010dekov - Foto dar\u010deky","robots":{"index":"index","follow":"follow","max-snippet":"max-snippet:-1","max-image-preview":"max-image-preview:large","max-video-preview":"max-video-preview:-1"},"canonical":"https:\/\/foto-darceky.sk\/","og_locale":"sk_SK","og_type":"article","og_title":"Vitajte vo svete Fotodar\u010dekov - Foto dar\u010deky","og_description":"Sme zdru\u017eenie odborn\u00edkov a nad\u0161encov pre nov\u00e9 technol\u00f3gie. Za ka\u017edou oblas\u0165ou z na\u0161\u00edch slu\u017eieb sa skr\u00fdva nieko\u013eko \u0161pecializovan\u00fdch odborn\u00edkov. Prioritou z na\u0161ich oblast\u00ed je hlavne v\u00fdroba fotodar\u010dekov. Ku ka\u017ed\u00e9mu z\u00e1kazn\u00edkovi pristupujeme individu\u00e1lne. Sna\u017e\u00edme sa, aby bol jeho fotodar\u010dek ve\u013emi kvalitn\u00fd, ale aj jedine\u010dn\u00fd. Preto v\u00e1m potla\u010d urob\u00edme nielen z va\u0161ich &hellip;","og_url":"https:\/\/foto-darceky.sk\/","og_site_name":"Foto dar\u010deky","article_modified_time":"2019-02-06T00:17:02+00:00","og_image":[{"url":"http:\/\/foto-darceky.sk\/wp-content\/uploads\/2019\/01\/desk-eyeglasses-map-163136-1-1024x768.jpg"}],"twitter_card":"summary_large_image","twitter_misc":{"Predpokladan\u00fd \u010das \u010d\u00edtania":"1 min\u00fata"},"schema":{"@context":"https:\/\/schema.org","@graph":[{"@type":"Organization","@id":"https:\/\/foto-darceky.sk\/#organization","name":"Foto dar\u010deky","url":"https:\/\/foto-darceky.sk\/","sameAs":[],"logo":{"@type":"ImageObject","inLanguage":"sk-SK","@id":"https:\/\/foto-darceky.sk\/#\/schema\/logo\/image\/","url":"https:\/\/foto-darceky.sk\/wp-content\/uploads\/2019\/01\/cropped-PicsArt_01-31-09.45.11-4.jpg","contentUrl":"https:\/\/foto-darceky.sk\/wp-content\/uploads\/2019\/01\/cropped-PicsArt_01-31-09.45.11-4.jpg","width":1498,"height":742,"caption":"Foto dar\u010deky"},"image":{"@id":"https:\/\/foto-darceky.sk\/#\/schema\/logo\/image\/"}},{"@type":"WebSite","@id":"https:\/\/foto-darceky.sk\/#website","url":"https:\/\/foto-darceky.sk\/","name":"Foto dar\u010deky","description":"Zachy\u0165 okamih kdeko\u013evek bude\u0161 a my ti z neho urob\u00edme do\u017eivotn\u00fa spomienku","publisher":{"@id":"https:\/\/foto-darceky.sk\/#organization"},"potentialAction":[{"@type":"SearchAction","target":{"@type":"EntryPoint","urlTemplate":"https:\/\/foto-darceky.sk\/?s={search_term_string}"},"query-input":"required name=search_term_string"}],"inLanguage":"sk-SK"},{"@type":"ImageObject","inLanguage":"sk-SK","@id":"https:\/\/foto-darceky.sk\/#primaryimage","url":"http:\/\/foto-darceky.sk\/wp-content\/uploads\/2019\/01\/desk-eyeglasses-map-163136-1-1024x768.jpg","contentUrl":"http:\/\/foto-darceky.sk\/wp-content\/uploads\/2019\/01\/desk-eyeglasses-map-163136-1-1024x768.jpg"},{"@type":"WebPage","@id":"https:\/\/foto-darceky.sk\/","url":"https:\/\/foto-darceky.sk\/","name":"Vitajte vo svete Fotodar\u010dekov - Foto dar\u010deky","isPartOf":{"@id":"https:\/\/foto-darceky.sk\/#website"},"primaryImageOfPage":{"@id":"https:\/\/foto-darceky.sk\/#primaryimage"},"datePublished":"2019-01-30T22:28:41+00:00","dateModified":"2019-02-06T00:17:02+00:00","breadcrumb":{"@id":"https:\/\/foto-darceky.sk\/#breadcrumb"},"inLanguage":"sk-SK","potentialAction":[{"@type":"ReadAction","target":["https:\/\/foto-darceky.sk\/"]}]},{"@type":"BreadcrumbList","@id":"https:\/\/foto-darceky.sk\/#breadcrumb","itemListElement":[{"@type":"ListItem","position":1,"name":"Home","item":"https:\/\/foto-darceky.sk\/"},{"@type":"ListItem","position":2,"name":"Vitajte vo svete Fotodar\u010dekov"}]}]}},"jetpack_sharing_enabled":true,"jetpack_shortlink":"https:\/\/wp.me\/PaFJ2d-3d","_links":{"self":[{"href":"https:\/\/foto-darceky.sk\/index.php?rest_route=\/wp\/v2\/pages\/199"}],"collection":[{"href":"https:\/\/foto-darceky.sk\/index.php?rest_route=\/wp\/v2\/pages"}],"about":[{"href":"https:\/\/foto-darceky.sk\/index.php?rest_route=\/wp\/v2\/types\/page"}],"author":[{"embeddable":true,"href":"https:\/\/foto-darceky.sk\/index.php?rest_route=\/wp\/v2\/users\/1"}],"replies":[{"embeddable":true,"href":"https:\/\/foto-darceky.sk\/index.php?rest_route=%2Fwp%2Fv2%2Fcomments&post=199"}],"version-history":[{"count":4,"href":"https:\/\/foto-darceky.sk\/index.php?rest_route=\/wp\/v2\/pages\/199\/revisions"}],"predecessor-version":[{"id":535,"href":"https:\/\/foto-darceky.sk\/index.php?rest_route=\/wp\/v2\/pages\/199\/revisions\/535"}],"wp:attachment":[{"href":"https:\/\/foto-darceky.sk\/index.php?rest_route=%2Fwp%2Fv2%2Fmedia&parent=199"}],"curies":[{"name":"wp","href":"https:\/\/api.w.org\/{rel}","templated":true}]}}