{"id":176,"date":"2019-01-30T22:58:56","date_gmt":"2019-01-30T21:58:56","guid":{"rendered":"http:\/\/foto-darceky.sk\/?page_id=176"},"modified":"2019-02-06T01:12:55","modified_gmt":"2019-02-06T00:12:55","slug":"ostatne-fotodarceky","status":"publish","type":"page","link":"https:\/\/foto-darceky.sk\/?page_id=176","title":{"rendered":"Ostatn\u00e9 fotodar\u010deky"},"content":{"rendered":"\n<p><strong>Peknou dekor\u00e1ciou je fotokame\u0148<\/strong>, kde sa m\u00f4\u017ee vyn\u00edma\u0165 va\u0161a fotka. Je to ur\u010dite origin\u00e1lnej\u0161ie ako tradi\u010dn\u00fd fotor\u00e1mik. Dar\u010dek vhodn\u00fd na ka\u017ed\u00fa pr\u00edle\u017eitos\u0165.<\/p>\n\n\n\n<div class=\"wp-block-image\"><figure class=\"aligncenter\"><img loading=\"lazy\" width=\"1024\" height=\"768\" src=\"http:\/\/foto-darceky.sk\/wp-content\/uploads\/2019\/01\/desk-eyeglasses-map-163136-1024x768.jpg\" alt=\"\" class=\"wp-image-177\" srcset=\"https:\/\/foto-darceky.sk\/wp-content\/uploads\/2019\/01\/desk-eyeglasses-map-163136-1024x768.jpg 1024w, https:\/\/foto-darceky.sk\/wp-content\/uploads\/2019\/01\/desk-eyeglasses-map-163136-600x450.jpg 600w, https:\/\/foto-darceky.sk\/wp-content\/uploads\/2019\/01\/desk-eyeglasses-map-163136-300x225.jpg 300w, https:\/\/foto-darceky.sk\/wp-content\/uploads\/2019\/01\/desk-eyeglasses-map-163136-768x576.jpg 768w, https:\/\/foto-darceky.sk\/wp-content\/uploads\/2019\/01\/desk-eyeglasses-map-163136-400x300.jpg 400w\" sizes=\"(max-width: 1024px) 100vw, 1024px\" \/><\/figure><\/div>\n\n\n\n<p><strong>Stava\u0165 puzzle bude rados\u0165ou,&nbsp;<\/strong>ak tam n\u00e1jdete v\u00e1\u0161 ob\u013e\u00faben\u00fd obr\u00e1zok alebo fotografiu. Origin\u00e1lny dar\u010dek nielen pre deti.&nbsp;<strong>Puzzle s va\u0161ou fotografiou alebo obr\u00e1zkom.<\/strong><\/p>\n\n\n\n<div class=\"wp-block-image\"><figure class=\"aligncenter\"><img loading=\"lazy\" width=\"1024\" height=\"768\" src=\"http:\/\/foto-darceky.sk\/wp-content\/uploads\/2019\/01\/antique-camera-classic-269820-1024x768.jpg\" alt=\"\" class=\"wp-image-178\" srcset=\"https:\/\/foto-darceky.sk\/wp-content\/uploads\/2019\/01\/antique-camera-classic-269820-1024x768.jpg 1024w, https:\/\/foto-darceky.sk\/wp-content\/uploads\/2019\/01\/antique-camera-classic-269820-600x450.jpg 600w, https:\/\/foto-darceky.sk\/wp-content\/uploads\/2019\/01\/antique-camera-classic-269820-300x225.jpg 300w, https:\/\/foto-darceky.sk\/wp-content\/uploads\/2019\/01\/antique-camera-classic-269820-768x576.jpg 768w, https:\/\/foto-darceky.sk\/wp-content\/uploads\/2019\/01\/antique-camera-classic-269820-400x300.jpg 400w\" sizes=\"(max-width: 1024px) 100vw, 1024px\" \/><\/figure><\/div>\n\n\n\n<p><strong>Nau\u010dte deti \u0161etri\u0165 cez ich jedine\u010dn\u00fa pokladni\u010dku<\/strong>&nbsp;s ich menom a ob\u013e\u00faben\u00fdm obr\u00e1zkom, fotkou. Vymyslite im text, ktor\u00fd ich bude motivova\u0165. Tento dar\u010dek pote\u0161\u00ed nielen die\u0165a, ale je to ide\u00e1lny dar\u010dek aj pre dospel\u00fdch. Ve\u010f vesel\u00fdch mot\u00edvov \u010di n\u00e1padov je iste dos\u0165.<\/p>\n\n\n\n<figure class=\"wp-block-image\"><img loading=\"lazy\" width=\"1024\" height=\"768\" src=\"http:\/\/foto-darceky.sk\/wp-content\/uploads\/2019\/01\/blank-eyeglasses-eyewear-163034-1024x768.jpg\" alt=\"\" class=\"wp-image-179\" srcset=\"https:\/\/foto-darceky.sk\/wp-content\/uploads\/2019\/01\/blank-eyeglasses-eyewear-163034-1024x768.jpg 1024w, https:\/\/foto-darceky.sk\/wp-content\/uploads\/2019\/01\/blank-eyeglasses-eyewear-163034-600x450.jpg 600w, https:\/\/foto-darceky.sk\/wp-content\/uploads\/2019\/01\/blank-eyeglasses-eyewear-163034-300x225.jpg 300w, https:\/\/foto-darceky.sk\/wp-content\/uploads\/2019\/01\/blank-eyeglasses-eyewear-163034-768x576.jpg 768w, https:\/\/foto-darceky.sk\/wp-content\/uploads\/2019\/01\/blank-eyeglasses-eyewear-163034-400x300.jpg 400w\" sizes=\"(max-width: 1024px) 100vw, 1024px\" \/><\/figure>\n\n\n\n<p><strong>Nie\u010do vesel\u00e9 alebo origin\u00e1lne m\u00f4\u017eete da\u0165 aj na podlo\u017eku pod my\u0161.&nbsp;<\/strong>Dar\u010dek vhodn\u00fd pre v\u00e1\u0161ho partnera, alebo kolegu v pr\u00e1ci. Vymyslite mu nie\u010do, \u010do mu pr\u00e1cu za po\u010d\u00edta\u010dom spr\u00edjemn\u00ed. Podlo\u017eka s fotkou ur\u010dite pote\u0161\u00ed.<\/p>\n\n\n\n<div class=\"wp-block-image\"><figure class=\"aligncenter\"><img src=\"http:\/\/foto-darceky.sk\/wp-content\/uploads\/2019\/01\/antique-blank-book-163182-1024x768.jpg\" alt=\"\" class=\"wp-image-181\"\/><\/figure><\/div>\n\n\n\n<h2>Najpred\u00e1vanej\u0161ie<\/h2>\n\n\n<div data-block-name=\"woocommerce\/handpicked-products\" data-products=\"[467,460,435,465]\" class=\"wc-block-grid wp-block-handpicked-products wc-block-handpicked-products has-3-columns has-multiple-rows\"><ul class=\"wc-block-grid__products\"><li class=\"wc-block-grid__product\">\n\t\t\t\t<a href=\"https:\/\/foto-darceky.sk\/?product=foto-kamen-15x20cm\" class=\"wc-block-grid__product-link\">\n\t\t\t\t\t<div class=\"wc-block-grid__product-image\"><img width=\"300\" height=\"300\" src=\"https:\/\/foto-darceky.sk\/wp-content\/uploads\/2019\/02\/33-300x300.jpg\" class=\"attachment-woocommerce_thumbnail size-woocommerce_thumbnail\" alt=\"Foto Kame\u0148 &quot;15x20cm&quot;\" loading=\"lazy\" srcset=\"https:\/\/foto-darceky.sk\/wp-content\/uploads\/2019\/02\/33-300x300.jpg 300w, https:\/\/foto-darceky.sk\/wp-content\/uploads\/2019\/02\/33-150x150.jpg 150w, https:\/\/foto-darceky.sk\/wp-content\/uploads\/2019\/02\/33-768x768.jpg 768w, https:\/\/foto-darceky.sk\/wp-content\/uploads\/2019\/02\/33-1024x1024.jpg 1024w, https:\/\/foto-darceky.sk\/wp-content\/uploads\/2019\/02\/33-600x600.jpg 600w, https:\/\/foto-darceky.sk\/wp-content\/uploads\/2019\/02\/33-100x100.jpg 100w, https:\/\/foto-darceky.sk\/wp-content\/uploads\/2019\/02\/33.jpg 2000w\" sizes=\"(max-width: 300px) 100vw, 300px\" \/><\/div>\n\t\t\t\t\t<div class=\"wc-block-grid__product-title\">Foto Kame\u0148 &#8220;15x20cm&#8221;<\/div>\n\t\t\t\t<\/a>\n\t\t\t\t\n\t\t\t\t<div class=\"wc-block-grid__product-price price\"><span class=\"woocommerce-Price-amount amount\"><span class=\"woocommerce-Price-currencySymbol\">&euro;<\/span>15.90<\/span><\/div>\n\t\t\t\t\n\t\t\t\t<div class=\"wp-block-button wc-block-grid__product-add-to-cart\"><a href=\"?add-to-cart=467\" aria-label=\"Prida\u0165 &ldquo;Foto Kame\u0148 &quot;15x20cm&quot;&rdquo; do ko\u0161\u00edka\" data-quantity=\"1\" data-product_id=\"467\" data-product_sku=\"\" rel=\"nofollow\" class=\"wp-block-button__link add_to_cart_button ajax_add_to_cart\">Prida\u0165 do ko\u0161\u00edka<\/a><\/div>\n\t\t\t<\/li><li class=\"wc-block-grid__product\">\n\t\t\t\t<a href=\"https:\/\/foto-darceky.sk\/?product=pivny-pohar-krigel-maly\" class=\"wc-block-grid__product-link\">\n\t\t\t\t\t<div class=\"wc-block-grid__product-image\"><img width=\"300\" height=\"300\" src=\"https:\/\/foto-darceky.sk\/wp-content\/uploads\/2019\/02\/30-300x300.jpg\" class=\"attachment-woocommerce_thumbnail size-woocommerce_thumbnail\" alt=\"Pivn\u00fd poh\u00e1r &quot;KR\u00cdGE\u013d MAL\u00dd&quot;\" loading=\"lazy\" srcset=\"https:\/\/foto-darceky.sk\/wp-content\/uploads\/2019\/02\/30-300x300.jpg 300w, https:\/\/foto-darceky.sk\/wp-content\/uploads\/2019\/02\/30-150x150.jpg 150w, https:\/\/foto-darceky.sk\/wp-content\/uploads\/2019\/02\/30-768x768.jpg 768w, https:\/\/foto-darceky.sk\/wp-content\/uploads\/2019\/02\/30-1024x1024.jpg 1024w, https:\/\/foto-darceky.sk\/wp-content\/uploads\/2019\/02\/30-600x600.jpg 600w, https:\/\/foto-darceky.sk\/wp-content\/uploads\/2019\/02\/30-100x100.jpg 100w, https:\/\/foto-darceky.sk\/wp-content\/uploads\/2019\/02\/30.jpg 2000w\" sizes=\"(max-width: 300px) 100vw, 300px\" \/><\/div>\n\t\t\t\t\t<div class=\"wc-block-grid__product-title\">Pivn\u00fd poh\u00e1r &#8220;KR\u00cdGE\u013d MAL\u00dd&#8221;<\/div>\n\t\t\t\t<\/a>\n\t\t\t\t\n\t\t\t\t<div class=\"wc-block-grid__product-price price\"><span class=\"woocommerce-Price-amount amount\"><span class=\"woocommerce-Price-currencySymbol\">&euro;<\/span>9.90<\/span><\/div>\n\t\t\t\t\n\t\t\t\t<div class=\"wp-block-button wc-block-grid__product-add-to-cart\"><a href=\"?add-to-cart=465\" aria-label=\"Prida\u0165 &ldquo;Pivn\u00fd poh\u00e1r &quot;KR\u00cdGE\u013d MAL\u00dd&quot;&rdquo; do ko\u0161\u00edka\" data-quantity=\"1\" data-product_id=\"465\" data-product_sku=\"\" rel=\"nofollow\" class=\"wp-block-button__link add_to_cart_button ajax_add_to_cart\">Prida\u0165 do ko\u0161\u00edka<\/a><\/div>\n\t\t\t<\/li><li class=\"wc-block-grid__product\">\n\t\t\t\t<a href=\"https:\/\/foto-darceky.sk\/?product=puzzle-a4-120-dielov\" class=\"wc-block-grid__product-link\">\n\t\t\t\t\t<div class=\"wc-block-grid__product-image\"><img width=\"300\" height=\"300\" src=\"https:\/\/foto-darceky.sk\/wp-content\/uploads\/2019\/02\/28-300x300.jpg\" class=\"attachment-woocommerce_thumbnail size-woocommerce_thumbnail\" alt=\"Puzzle A4, 120 dielov\" loading=\"lazy\" srcset=\"https:\/\/foto-darceky.sk\/wp-content\/uploads\/2019\/02\/28-300x300.jpg 300w, https:\/\/foto-darceky.sk\/wp-content\/uploads\/2019\/02\/28-150x150.jpg 150w, https:\/\/foto-darceky.sk\/wp-content\/uploads\/2019\/02\/28-768x768.jpg 768w, https:\/\/foto-darceky.sk\/wp-content\/uploads\/2019\/02\/28-1024x1024.jpg 1024w, https:\/\/foto-darceky.sk\/wp-content\/uploads\/2019\/02\/28-600x600.jpg 600w, https:\/\/foto-darceky.sk\/wp-content\/uploads\/2019\/02\/28-100x100.jpg 100w, https:\/\/foto-darceky.sk\/wp-content\/uploads\/2019\/02\/28.jpg 2000w\" sizes=\"(max-width: 300px) 100vw, 300px\" \/><\/div>\n\t\t\t\t\t<div class=\"wc-block-grid__product-title\">Puzzle A4, 120 dielov<\/div>\n\t\t\t\t<\/a>\n\t\t\t\t\n\t\t\t\t<div class=\"wc-block-grid__product-price price\"><span class=\"woocommerce-Price-amount amount\"><span class=\"woocommerce-Price-currencySymbol\">&euro;<\/span>8.90<\/span><\/div>\n\t\t\t\t\n\t\t\t\t<div class=\"wp-block-button wc-block-grid__product-add-to-cart\"><a href=\"?add-to-cart=460\" aria-label=\"Prida\u0165 &ldquo;Puzzle A4, 120 dielov&rdquo; do ko\u0161\u00edka\" data-quantity=\"1\" data-product_id=\"460\" data-product_sku=\"\" rel=\"nofollow\" class=\"wp-block-button__link add_to_cart_button ajax_add_to_cart\">Prida\u0165 do ko\u0161\u00edka<\/a><\/div>\n\t\t\t<\/li><li class=\"wc-block-grid__product\">\n\t\t\t\t<a href=\"https:\/\/foto-darceky.sk\/?product=podlozka-pod-mys\" class=\"wc-block-grid__product-link\">\n\t\t\t\t\t<div class=\"wc-block-grid__product-image\"><img width=\"300\" height=\"300\" src=\"https:\/\/foto-darceky.sk\/wp-content\/uploads\/2019\/02\/23-300x300.jpg\" class=\"attachment-woocommerce_thumbnail size-woocommerce_thumbnail\" alt=\"Podlo\u017eka pod my\u0161\" loading=\"lazy\" srcset=\"https:\/\/foto-darceky.sk\/wp-content\/uploads\/2019\/02\/23-300x300.jpg 300w, https:\/\/foto-darceky.sk\/wp-content\/uploads\/2019\/02\/23-150x150.jpg 150w, https:\/\/foto-darceky.sk\/wp-content\/uploads\/2019\/02\/23-768x768.jpg 768w, https:\/\/foto-darceky.sk\/wp-content\/uploads\/2019\/02\/23-1024x1024.jpg 1024w, https:\/\/foto-darceky.sk\/wp-content\/uploads\/2019\/02\/23-600x600.jpg 600w, https:\/\/foto-darceky.sk\/wp-content\/uploads\/2019\/02\/23-100x100.jpg 100w, https:\/\/foto-darceky.sk\/wp-content\/uploads\/2019\/02\/23.jpg 2000w\" sizes=\"(max-width: 300px) 100vw, 300px\" \/><\/div>\n\t\t\t\t\t<div class=\"wc-block-grid__product-title\">Podlo\u017eka pod my\u0161<\/div>\n\t\t\t\t<\/a>\n\t\t\t\t\n\t\t\t\t<div class=\"wc-block-grid__product-price price\"><span class=\"woocommerce-Price-amount amount\"><span class=\"woocommerce-Price-currencySymbol\">&euro;<\/span>8.90<\/span><\/div>\n\t\t\t\t\n\t\t\t\t<div class=\"wp-block-button wc-block-grid__product-add-to-cart\"><a href=\"?add-to-cart=435\" aria-label=\"Prida\u0165 &ldquo;Podlo\u017eka pod my\u0161&rdquo; do ko\u0161\u00edka\" data-quantity=\"1\" data-product_id=\"435\" data-product_sku=\"\" rel=\"nofollow\" class=\"wp-block-button__link add_to_cart_button ajax_add_to_cart\">Prida\u0165 do ko\u0161\u00edka<\/a><\/div>\n\t\t\t<\/li><\/ul><\/div>","protected":false},"excerpt":{"rendered":"<p>Peknou dekor\u00e1ciou je fotokame\u0148, kde sa m\u00f4\u017ee vyn\u00edma\u0165 va\u0161a fotka. Je to ur\u010dite origin\u00e1lnej\u0161ie ako tradi\u010dn\u00fd fotor\u00e1mik. Dar\u010dek vhodn\u00fd na ka\u017ed\u00fa pr\u00edle\u017eitos\u0165. Stava\u0165 puzzle bude rados\u0165ou,&nbsp;ak tam n\u00e1jdete v\u00e1\u0161 ob\u013e\u00faben\u00fd obr\u00e1zok alebo fotografiu. Origin\u00e1lny dar\u010dek nielen pre deti.&nbsp;Puzzle s va\u0161ou fotografiou alebo obr\u00e1zkom. Nau\u010dte deti \u0161etri\u0165 cez ich jedine\u010dn\u00fa pokladni\u010dku&nbsp;s &hellip;<\/p>\n","protected":false},"author":1,"featured_media":0,"parent":0,"menu_order":0,"comment_status":"closed","ping_status":"closed","template":"","meta":[],"yoast_head":"<!-- This site is optimized with the Yoast SEO plugin v19.3 - https:\/\/yoast.com\/wordpress\/plugins\/seo\/ -->\n<title>Ostatn\u00e9 fotodar\u010deky - Foto dar\u010deky<\/title>\n<meta name=\"robots\" content=\"index, follow, max-snippet:-1, max-image-preview:large, max-video-preview:-1\" \/>\n<link rel=\"canonical\" href=\"https:\/\/foto-darceky.sk\/?page_id=176\" \/>\n<meta property=\"og:locale\" content=\"sk_SK\" \/>\n<meta property=\"og:type\" content=\"article\" \/>\n<meta property=\"og:title\" content=\"Ostatn\u00e9 fotodar\u010deky - Foto dar\u010deky\" \/>\n<meta property=\"og:description\" content=\"Peknou dekor\u00e1ciou je fotokame\u0148, kde sa m\u00f4\u017ee vyn\u00edma\u0165 va\u0161a fotka. Je to ur\u010dite origin\u00e1lnej\u0161ie ako tradi\u010dn\u00fd fotor\u00e1mik. Dar\u010dek vhodn\u00fd na ka\u017ed\u00fa pr\u00edle\u017eitos\u0165. Stava\u0165 puzzle bude rados\u0165ou,&nbsp;ak tam n\u00e1jdete v\u00e1\u0161 ob\u013e\u00faben\u00fd obr\u00e1zok alebo fotografiu. Origin\u00e1lny dar\u010dek nielen pre deti.&nbsp;Puzzle s va\u0161ou fotografiou alebo obr\u00e1zkom. Nau\u010dte deti \u0161etri\u0165 cez ich jedine\u010dn\u00fa pokladni\u010dku&nbsp;s &hellip;\" \/>\n<meta property=\"og:url\" content=\"https:\/\/foto-darceky.sk\/?page_id=176\" \/>\n<meta property=\"og:site_name\" content=\"Foto dar\u010deky\" \/>\n<meta property=\"article:modified_time\" content=\"2019-02-06T00:12:55+00:00\" \/>\n<meta property=\"og:image\" content=\"http:\/\/foto-darceky.sk\/wp-content\/uploads\/2019\/01\/desk-eyeglasses-map-163136-1024x768.jpg\" \/>\n<meta name=\"twitter:card\" content=\"summary_large_image\" \/>\n<meta name=\"twitter:label1\" content=\"Predpokladan\u00fd \u010das \u010d\u00edtania\" \/>\n\t<meta name=\"twitter:data1\" content=\"1 min\u00fata\" \/>\n<script type=\"application\/ld+json\" class=\"yoast-schema-graph\">{\"@context\":\"https:\/\/schema.org\",\"@graph\":[{\"@type\":\"Organization\",\"@id\":\"https:\/\/foto-darceky.sk\/#organization\",\"name\":\"Foto dar\u010deky\",\"url\":\"https:\/\/foto-darceky.sk\/\",\"sameAs\":[],\"logo\":{\"@type\":\"ImageObject\",\"inLanguage\":\"sk-SK\",\"@id\":\"https:\/\/foto-darceky.sk\/#\/schema\/logo\/image\/\",\"url\":\"https:\/\/foto-darceky.sk\/wp-content\/uploads\/2019\/01\/cropped-PicsArt_01-31-09.45.11-4.jpg\",\"contentUrl\":\"https:\/\/foto-darceky.sk\/wp-content\/uploads\/2019\/01\/cropped-PicsArt_01-31-09.45.11-4.jpg\",\"width\":1498,\"height\":742,\"caption\":\"Foto dar\u010deky\"},\"image\":{\"@id\":\"https:\/\/foto-darceky.sk\/#\/schema\/logo\/image\/\"}},{\"@type\":\"WebSite\",\"@id\":\"https:\/\/foto-darceky.sk\/#website\",\"url\":\"https:\/\/foto-darceky.sk\/\",\"name\":\"Foto dar\u010deky\",\"description\":\"Zachy\u0165 okamih kdeko\u013evek bude\u0161 a my ti z neho urob\u00edme do\u017eivotn\u00fa spomienku\",\"publisher\":{\"@id\":\"https:\/\/foto-darceky.sk\/#organization\"},\"potentialAction\":[{\"@type\":\"SearchAction\",\"target\":{\"@type\":\"EntryPoint\",\"urlTemplate\":\"https:\/\/foto-darceky.sk\/?s={search_term_string}\"},\"query-input\":\"required name=search_term_string\"}],\"inLanguage\":\"sk-SK\"},{\"@type\":\"ImageObject\",\"inLanguage\":\"sk-SK\",\"@id\":\"https:\/\/foto-darceky.sk\/?page_id=176#primaryimage\",\"url\":\"http:\/\/foto-darceky.sk\/wp-content\/uploads\/2019\/01\/desk-eyeglasses-map-163136-1024x768.jpg\",\"contentUrl\":\"http:\/\/foto-darceky.sk\/wp-content\/uploads\/2019\/01\/desk-eyeglasses-map-163136-1024x768.jpg\"},{\"@type\":\"WebPage\",\"@id\":\"https:\/\/foto-darceky.sk\/?page_id=176\",\"url\":\"https:\/\/foto-darceky.sk\/?page_id=176\",\"name\":\"Ostatn\u00e9 fotodar\u010deky - Foto dar\u010deky\",\"isPartOf\":{\"@id\":\"https:\/\/foto-darceky.sk\/#website\"},\"primaryImageOfPage\":{\"@id\":\"https:\/\/foto-darceky.sk\/?page_id=176#primaryimage\"},\"datePublished\":\"2019-01-30T21:58:56+00:00\",\"dateModified\":\"2019-02-06T00:12:55+00:00\",\"breadcrumb\":{\"@id\":\"https:\/\/foto-darceky.sk\/?page_id=176#breadcrumb\"},\"inLanguage\":\"sk-SK\",\"potentialAction\":[{\"@type\":\"ReadAction\",\"target\":[\"https:\/\/foto-darceky.sk\/?page_id=176\"]}]},{\"@type\":\"BreadcrumbList\",\"@id\":\"https:\/\/foto-darceky.sk\/?page_id=176#breadcrumb\",\"itemListElement\":[{\"@type\":\"ListItem\",\"position\":1,\"name\":\"Home\",\"item\":\"https:\/\/foto-darceky.sk\/\"},{\"@type\":\"ListItem\",\"position\":2,\"name\":\"Ostatn\u00e9 fotodar\u010deky\"}]}]}<\/script>\n<!-- \/ Yoast SEO plugin. -->","yoast_head_json":{"title":"Ostatn\u00e9 fotodar\u010deky - Foto dar\u010deky","robots":{"index":"index","follow":"follow","max-snippet":"max-snippet:-1","max-image-preview":"max-image-preview:large","max-video-preview":"max-video-preview:-1"},"canonical":"https:\/\/foto-darceky.sk\/?page_id=176","og_locale":"sk_SK","og_type":"article","og_title":"Ostatn\u00e9 fotodar\u010deky - Foto dar\u010deky","og_description":"Peknou dekor\u00e1ciou je fotokame\u0148, kde sa m\u00f4\u017ee vyn\u00edma\u0165 va\u0161a fotka. Je to ur\u010dite origin\u00e1lnej\u0161ie ako tradi\u010dn\u00fd fotor\u00e1mik. Dar\u010dek vhodn\u00fd na ka\u017ed\u00fa pr\u00edle\u017eitos\u0165. Stava\u0165 puzzle bude rados\u0165ou,&nbsp;ak tam n\u00e1jdete v\u00e1\u0161 ob\u013e\u00faben\u00fd obr\u00e1zok alebo fotografiu. Origin\u00e1lny dar\u010dek nielen pre deti.&nbsp;Puzzle s va\u0161ou fotografiou alebo obr\u00e1zkom. Nau\u010dte deti \u0161etri\u0165 cez ich jedine\u010dn\u00fa pokladni\u010dku&nbsp;s &hellip;","og_url":"https:\/\/foto-darceky.sk\/?page_id=176","og_site_name":"Foto dar\u010deky","article_modified_time":"2019-02-06T00:12:55+00:00","og_image":[{"url":"http:\/\/foto-darceky.sk\/wp-content\/uploads\/2019\/01\/desk-eyeglasses-map-163136-1024x768.jpg"}],"twitter_card":"summary_large_image","twitter_misc":{"Predpokladan\u00fd \u010das \u010d\u00edtania":"1 min\u00fata"},"schema":{"@context":"https:\/\/schema.org","@graph":[{"@type":"Organization","@id":"https:\/\/foto-darceky.sk\/#organization","name":"Foto dar\u010deky","url":"https:\/\/foto-darceky.sk\/","sameAs":[],"logo":{"@type":"ImageObject","inLanguage":"sk-SK","@id":"https:\/\/foto-darceky.sk\/#\/schema\/logo\/image\/","url":"https:\/\/foto-darceky.sk\/wp-content\/uploads\/2019\/01\/cropped-PicsArt_01-31-09.45.11-4.jpg","contentUrl":"https:\/\/foto-darceky.sk\/wp-content\/uploads\/2019\/01\/cropped-PicsArt_01-31-09.45.11-4.jpg","width":1498,"height":742,"caption":"Foto dar\u010deky"},"image":{"@id":"https:\/\/foto-darceky.sk\/#\/schema\/logo\/image\/"}},{"@type":"WebSite","@id":"https:\/\/foto-darceky.sk\/#website","url":"https:\/\/foto-darceky.sk\/","name":"Foto dar\u010deky","description":"Zachy\u0165 okamih kdeko\u013evek bude\u0161 a my ti z neho urob\u00edme do\u017eivotn\u00fa spomienku","publisher":{"@id":"https:\/\/foto-darceky.sk\/#organization"},"potentialAction":[{"@type":"SearchAction","target":{"@type":"EntryPoint","urlTemplate":"https:\/\/foto-darceky.sk\/?s={search_term_string}"},"query-input":"required name=search_term_string"}],"inLanguage":"sk-SK"},{"@type":"ImageObject","inLanguage":"sk-SK","@id":"https:\/\/foto-darceky.sk\/?page_id=176#primaryimage","url":"http:\/\/foto-darceky.sk\/wp-content\/uploads\/2019\/01\/desk-eyeglasses-map-163136-1024x768.jpg","contentUrl":"http:\/\/foto-darceky.sk\/wp-content\/uploads\/2019\/01\/desk-eyeglasses-map-163136-1024x768.jpg"},{"@type":"WebPage","@id":"https:\/\/foto-darceky.sk\/?page_id=176","url":"https:\/\/foto-darceky.sk\/?page_id=176","name":"Ostatn\u00e9 fotodar\u010deky - Foto dar\u010deky","isPartOf":{"@id":"https:\/\/foto-darceky.sk\/#website"},"primaryImageOfPage":{"@id":"https:\/\/foto-darceky.sk\/?page_id=176#primaryimage"},"datePublished":"2019-01-30T21:58:56+00:00","dateModified":"2019-02-06T00:12:55+00:00","breadcrumb":{"@id":"https:\/\/foto-darceky.sk\/?page_id=176#breadcrumb"},"inLanguage":"sk-SK","potentialAction":[{"@type":"ReadAction","target":["https:\/\/foto-darceky.sk\/?page_id=176"]}]},{"@type":"BreadcrumbList","@id":"https:\/\/foto-darceky.sk\/?page_id=176#breadcrumb","itemListElement":[{"@type":"ListItem","position":1,"name":"Home","item":"https:\/\/foto-darceky.sk\/"},{"@type":"ListItem","position":2,"name":"Ostatn\u00e9 fotodar\u010deky"}]}]}},"jetpack_sharing_enabled":true,"jetpack_shortlink":"https:\/\/wp.me\/PaFJ2d-2Q","_links":{"self":[{"href":"https:\/\/foto-darceky.sk\/index.php?rest_route=\/wp\/v2\/pages\/176"}],"collection":[{"href":"https:\/\/foto-darceky.sk\/index.php?rest_route=\/wp\/v2\/pages"}],"about":[{"href":"https:\/\/foto-darceky.sk\/index.php?rest_route=\/wp\/v2\/types\/page"}],"author":[{"embeddable":true,"href":"https:\/\/foto-darceky.sk\/index.php?rest_route=\/wp\/v2\/users\/1"}],"replies":[{"embeddable":true,"href":"https:\/\/foto-darceky.sk\/index.php?rest_route=%2Fwp%2Fv2%2Fcomments&post=176"}],"version-history":[{"count":4,"href":"https:\/\/foto-darceky.sk\/index.php?rest_route=\/wp\/v2\/pages\/176\/revisions"}],"predecessor-version":[{"id":534,"href":"https:\/\/foto-darceky.sk\/index.php?rest_route=\/wp\/v2\/pages\/176\/revisions\/534"}],"wp:attachment":[{"href":"https:\/\/foto-darceky.sk\/index.php?rest_route=%2Fwp%2Fv2%2Fmedia&parent=176"}],"curies":[{"name":"wp","href":"https:\/\/api.w.org\/{rel}","templated":true}]}}