{"id":169,"date":"2019-01-30T22:52:13","date_gmt":"2019-01-30T21:52:13","guid":{"rendered":"http:\/\/foto-darceky.sk\/?page_id=169"},"modified":"2019-02-06T01:10:47","modified_gmt":"2019-02-06T00:10:47","slug":"textilie","status":"publish","type":"page","link":"https:\/\/foto-darceky.sk\/?page_id=169","title":{"rendered":"Text\u00edlie"},"content":{"rendered":"\n<p><strong>Fotodar\u010deky&nbsp;<\/strong>z textilu maj\u00fa svoje osobitn\u00e9 \u010daro. Ich pravideln\u00fdm nosen\u00edm v\u00e1m m\u00f4\u017eu robi\u0165 rados\u0165 ka\u017ed\u00fd de\u0148 a nielen V\u00e1m. \u010co tak vank\u00fa\u0161ik pre V\u00e1\u0161ho zvieracieho mil\u00e1\u010dika?<\/p>\n\n\n\n<div class=\"wp-block-image\"><figure class=\"aligncenter\"><img loading=\"lazy\" width=\"1024\" height=\"683\" src=\"http:\/\/foto-darceky.sk\/wp-content\/uploads\/2019\/01\/bed-bedroom-cute-545016-1024x683.jpg\" alt=\"\" class=\"wp-image-170\" srcset=\"https:\/\/foto-darceky.sk\/wp-content\/uploads\/2019\/01\/bed-bedroom-cute-545016-1024x683.jpg 1024w, https:\/\/foto-darceky.sk\/wp-content\/uploads\/2019\/01\/bed-bedroom-cute-545016-600x400.jpg 600w, https:\/\/foto-darceky.sk\/wp-content\/uploads\/2019\/01\/bed-bedroom-cute-545016-300x200.jpg 300w, https:\/\/foto-darceky.sk\/wp-content\/uploads\/2019\/01\/bed-bedroom-cute-545016-768x512.jpg 768w, https:\/\/foto-darceky.sk\/wp-content\/uploads\/2019\/01\/bed-bedroom-cute-545016-450x300.jpg 450w\" sizes=\"(max-width: 1024px) 100vw, 1024px\" \/><\/figure><\/div>\n\n\n\n<p>Takto si dok\u00e1\u017eete vytvori\u0165&nbsp;<strong>jedine\u010dn\u00e9 tri\u010dko, vank\u00fa\u0161, z\u00e1steru \u010di ta\u0161ku<\/strong>, ktor\u00fa ur\u010dite nikde inde nen\u00e1jdete. V\u0161etko je to len o n\u00e1pade a v\u010faka dobr\u00e9mu n\u00e1padu m\u00f4\u017ee vznikn\u00fa\u0165 nie\u010do naozaj origin\u00e1lne.<\/p>\n\n\n\n<h2>Najpred\u00e1vanej\u0161ie<\/h2>\n\n\n<div data-block-name=\"woocommerce\/handpicked-products\" data-products=\"[447,444,495,501]\" class=\"wc-block-grid wp-block-handpicked-products wc-block-handpicked-products has-3-columns has-multiple-rows\"><ul class=\"wc-block-grid__products\"><li class=\"wc-block-grid__product\">\n\t\t\t\t<a href=\"https:\/\/foto-darceky.sk\/?product=zastera\" class=\"wc-block-grid__product-link\">\n\t\t\t\t\t<div class=\"wc-block-grid__product-image\"><img width=\"300\" height=\"300\" src=\"https:\/\/foto-darceky.sk\/wp-content\/uploads\/2019\/02\/zastera-01a-340x340-300x300.png\" class=\"attachment-woocommerce_thumbnail size-woocommerce_thumbnail\" alt=\"Z\u00e1stera\" loading=\"lazy\" srcset=\"https:\/\/foto-darceky.sk\/wp-content\/uploads\/2019\/02\/zastera-01a-340x340-300x300.png 300w, https:\/\/foto-darceky.sk\/wp-content\/uploads\/2019\/02\/zastera-01a-340x340-150x150.png 150w, https:\/\/foto-darceky.sk\/wp-content\/uploads\/2019\/02\/zastera-01a-340x340-100x100.png 100w, https:\/\/foto-darceky.sk\/wp-content\/uploads\/2019\/02\/zastera-01a-340x340.png 340w\" sizes=\"(max-width: 300px) 100vw, 300px\" \/><\/div>\n\t\t\t\t\t<div class=\"wc-block-grid__product-title\">Z\u00e1stera<\/div>\n\t\t\t\t<\/a>\n\t\t\t\t\n\t\t\t\t<div class=\"wc-block-grid__product-price price\"><span class=\"woocommerce-Price-amount amount\"><span class=\"woocommerce-Price-currencySymbol\">&euro;<\/span>9.90<\/span><\/div>\n\t\t\t\t\n\t\t\t\t<div class=\"wp-block-button wc-block-grid__product-add-to-cart\"><a href=\"?add-to-cart=495\" aria-label=\"Prida\u0165 &ldquo;Z\u00e1stera&rdquo; do ko\u0161\u00edka\" data-quantity=\"1\" data-product_id=\"495\" data-product_sku=\"\" rel=\"nofollow\" class=\"wp-block-button__link add_to_cart_button ajax_add_to_cart\">Prida\u0165 do ko\u0161\u00edka<\/a><\/div>\n\t\t\t<\/li><li class=\"wc-block-grid__product\">\n\t\t\t\t<a href=\"https:\/\/foto-darceky.sk\/?product=biele-tricko-s-fotkou\" class=\"wc-block-grid__product-link\">\n\t\t\t\t\t<div class=\"wc-block-grid__product-image\"><img width=\"300\" height=\"300\" src=\"https:\/\/foto-darceky.sk\/wp-content\/uploads\/2019\/02\/27-300x300.jpg\" class=\"attachment-woocommerce_thumbnail size-woocommerce_thumbnail\" alt=\"Biele tri\u010dko s fotkou\" loading=\"lazy\" srcset=\"https:\/\/foto-darceky.sk\/wp-content\/uploads\/2019\/02\/27-300x300.jpg 300w, https:\/\/foto-darceky.sk\/wp-content\/uploads\/2019\/02\/27-150x150.jpg 150w, https:\/\/foto-darceky.sk\/wp-content\/uploads\/2019\/02\/27-768x768.jpg 768w, https:\/\/foto-darceky.sk\/wp-content\/uploads\/2019\/02\/27-1024x1024.jpg 1024w, https:\/\/foto-darceky.sk\/wp-content\/uploads\/2019\/02\/27-600x600.jpg 600w, https:\/\/foto-darceky.sk\/wp-content\/uploads\/2019\/02\/27-100x100.jpg 100w, https:\/\/foto-darceky.sk\/wp-content\/uploads\/2019\/02\/27.jpg 2000w\" sizes=\"(max-width: 300px) 100vw, 300px\" \/><\/div>\n\t\t\t\t\t<div class=\"wc-block-grid__product-title\">Biele tri\u010dko s fotkou<\/div>\n\t\t\t\t<\/a>\n\t\t\t\t\n\t\t\t\t<div class=\"wc-block-grid__product-price price\"><span class=\"woocommerce-Price-amount amount\"><span class=\"woocommerce-Price-currencySymbol\">&euro;<\/span>15.90<\/span><\/div>\n\t\t\t\t\n\t\t\t\t<div class=\"wp-block-button wc-block-grid__product-add-to-cart\"><a href=\"?add-to-cart=447\" aria-label=\"Prida\u0165 &ldquo;Biele tri\u010dko s fotkou&rdquo; do ko\u0161\u00edka\" data-quantity=\"1\" data-product_id=\"447\" data-product_sku=\"\" rel=\"nofollow\" class=\"wp-block-button__link add_to_cart_button ajax_add_to_cart\">Prida\u0165 do ko\u0161\u00edka<\/a><\/div>\n\t\t\t<\/li><li class=\"wc-block-grid__product\">\n\t\t\t\t<a href=\"https:\/\/foto-darceky.sk\/?product=platena-nakupna-taska\" class=\"wc-block-grid__product-link\">\n\t\t\t\t\t<div class=\"wc-block-grid__product-image\"><img width=\"300\" height=\"300\" src=\"https:\/\/foto-darceky.sk\/wp-content\/uploads\/2019\/02\/26-300x300.jpg\" class=\"attachment-woocommerce_thumbnail size-woocommerce_thumbnail\" alt=\"Pl\u00e1ten\u00e1 n\u00e1kupn\u00e1 ta\u0161ka\" loading=\"lazy\" srcset=\"https:\/\/foto-darceky.sk\/wp-content\/uploads\/2019\/02\/26-300x300.jpg 300w, https:\/\/foto-darceky.sk\/wp-content\/uploads\/2019\/02\/26-150x150.jpg 150w, https:\/\/foto-darceky.sk\/wp-content\/uploads\/2019\/02\/26-768x768.jpg 768w, https:\/\/foto-darceky.sk\/wp-content\/uploads\/2019\/02\/26-1024x1024.jpg 1024w, https:\/\/foto-darceky.sk\/wp-content\/uploads\/2019\/02\/26-600x600.jpg 600w, https:\/\/foto-darceky.sk\/wp-content\/uploads\/2019\/02\/26-100x100.jpg 100w, https:\/\/foto-darceky.sk\/wp-content\/uploads\/2019\/02\/26.jpg 2000w\" sizes=\"(max-width: 300px) 100vw, 300px\" \/><\/div>\n\t\t\t\t\t<div class=\"wc-block-grid__product-title\">Pl\u00e1ten\u00e1 n\u00e1kupn\u00e1 ta\u0161ka<\/div>\n\t\t\t\t<\/a>\n\t\t\t\t\n\t\t\t\t<div class=\"wc-block-grid__product-price price\"><span class=\"woocommerce-Price-amount amount\"><span class=\"woocommerce-Price-currencySymbol\">&euro;<\/span>8.90<\/span><\/div>\n\t\t\t\t\n\t\t\t\t<div class=\"wp-block-button wc-block-grid__product-add-to-cart\"><a href=\"?add-to-cart=444\" aria-label=\"Prida\u0165 &ldquo;Pl\u00e1ten\u00e1 n\u00e1kupn\u00e1 ta\u0161ka&rdquo; do ko\u0161\u00edka\" data-quantity=\"1\" data-product_id=\"444\" data-product_sku=\"\" rel=\"nofollow\" class=\"wp-block-button__link add_to_cart_button ajax_add_to_cart\">Prida\u0165 do ko\u0161\u00edka<\/a><\/div>\n\t\t\t<\/li><\/ul><\/div>","protected":false},"excerpt":{"rendered":"<p>Fotodar\u010deky&nbsp;z textilu maj\u00fa svoje osobitn\u00e9 \u010daro. Ich pravideln\u00fdm nosen\u00edm v\u00e1m m\u00f4\u017eu robi\u0165 rados\u0165 ka\u017ed\u00fd de\u0148 a nielen V\u00e1m. \u010co tak vank\u00fa\u0161ik pre V\u00e1\u0161ho zvieracieho mil\u00e1\u010dika? Takto si dok\u00e1\u017eete vytvori\u0165&nbsp;jedine\u010dn\u00e9 tri\u010dko, vank\u00fa\u0161, z\u00e1steru \u010di ta\u0161ku, ktor\u00fa ur\u010dite nikde inde nen\u00e1jdete. V\u0161etko je to len o n\u00e1pade a v\u010faka dobr\u00e9mu n\u00e1padu m\u00f4\u017ee &hellip;<\/p>\n","protected":false},"author":1,"featured_media":0,"parent":0,"menu_order":0,"comment_status":"closed","ping_status":"closed","template":"","meta":[],"yoast_head":"<!-- This site is optimized with the Yoast SEO plugin v19.3 - https:\/\/yoast.com\/wordpress\/plugins\/seo\/ -->\n<title>Text\u00edlie - Foto dar\u010deky<\/title>\n<meta name=\"robots\" content=\"index, follow, max-snippet:-1, max-image-preview:large, max-video-preview:-1\" \/>\n<link rel=\"canonical\" href=\"https:\/\/foto-darceky.sk\/?page_id=169\" \/>\n<meta property=\"og:locale\" content=\"sk_SK\" \/>\n<meta property=\"og:type\" content=\"article\" \/>\n<meta property=\"og:title\" content=\"Text\u00edlie - Foto dar\u010deky\" \/>\n<meta property=\"og:description\" content=\"Fotodar\u010deky&nbsp;z textilu maj\u00fa svoje osobitn\u00e9 \u010daro. Ich pravideln\u00fdm nosen\u00edm v\u00e1m m\u00f4\u017eu robi\u0165 rados\u0165 ka\u017ed\u00fd de\u0148 a nielen V\u00e1m. \u010co tak vank\u00fa\u0161ik pre V\u00e1\u0161ho zvieracieho mil\u00e1\u010dika? Takto si dok\u00e1\u017eete vytvori\u0165&nbsp;jedine\u010dn\u00e9 tri\u010dko, vank\u00fa\u0161, z\u00e1steru \u010di ta\u0161ku, ktor\u00fa ur\u010dite nikde inde nen\u00e1jdete. V\u0161etko je to len o n\u00e1pade a v\u010faka dobr\u00e9mu n\u00e1padu m\u00f4\u017ee &hellip;\" \/>\n<meta property=\"og:url\" content=\"https:\/\/foto-darceky.sk\/?page_id=169\" \/>\n<meta property=\"og:site_name\" content=\"Foto dar\u010deky\" \/>\n<meta property=\"article:modified_time\" content=\"2019-02-06T00:10:47+00:00\" \/>\n<meta property=\"og:image\" content=\"http:\/\/foto-darceky.sk\/wp-content\/uploads\/2019\/01\/bed-bedroom-cute-545016-1024x683.jpg\" \/>\n<meta name=\"twitter:card\" content=\"summary_large_image\" \/>\n<script type=\"application\/ld+json\" class=\"yoast-schema-graph\">{\"@context\":\"https:\/\/schema.org\",\"@graph\":[{\"@type\":\"Organization\",\"@id\":\"https:\/\/foto-darceky.sk\/#organization\",\"name\":\"Foto dar\u010deky\",\"url\":\"https:\/\/foto-darceky.sk\/\",\"sameAs\":[],\"logo\":{\"@type\":\"ImageObject\",\"inLanguage\":\"sk-SK\",\"@id\":\"https:\/\/foto-darceky.sk\/#\/schema\/logo\/image\/\",\"url\":\"https:\/\/foto-darceky.sk\/wp-content\/uploads\/2019\/01\/cropped-PicsArt_01-31-09.45.11-4.jpg\",\"contentUrl\":\"https:\/\/foto-darceky.sk\/wp-content\/uploads\/2019\/01\/cropped-PicsArt_01-31-09.45.11-4.jpg\",\"width\":1498,\"height\":742,\"caption\":\"Foto dar\u010deky\"},\"image\":{\"@id\":\"https:\/\/foto-darceky.sk\/#\/schema\/logo\/image\/\"}},{\"@type\":\"WebSite\",\"@id\":\"https:\/\/foto-darceky.sk\/#website\",\"url\":\"https:\/\/foto-darceky.sk\/\",\"name\":\"Foto dar\u010deky\",\"description\":\"Zachy\u0165 okamih kdeko\u013evek bude\u0161 a my ti z neho urob\u00edme do\u017eivotn\u00fa spomienku\",\"publisher\":{\"@id\":\"https:\/\/foto-darceky.sk\/#organization\"},\"potentialAction\":[{\"@type\":\"SearchAction\",\"target\":{\"@type\":\"EntryPoint\",\"urlTemplate\":\"https:\/\/foto-darceky.sk\/?s={search_term_string}\"},\"query-input\":\"required name=search_term_string\"}],\"inLanguage\":\"sk-SK\"},{\"@type\":\"ImageObject\",\"inLanguage\":\"sk-SK\",\"@id\":\"https:\/\/foto-darceky.sk\/?page_id=169#primaryimage\",\"url\":\"http:\/\/foto-darceky.sk\/wp-content\/uploads\/2019\/01\/bed-bedroom-cute-545016-1024x683.jpg\",\"contentUrl\":\"http:\/\/foto-darceky.sk\/wp-content\/uploads\/2019\/01\/bed-bedroom-cute-545016-1024x683.jpg\"},{\"@type\":\"WebPage\",\"@id\":\"https:\/\/foto-darceky.sk\/?page_id=169\",\"url\":\"https:\/\/foto-darceky.sk\/?page_id=169\",\"name\":\"Text\u00edlie - Foto dar\u010deky\",\"isPartOf\":{\"@id\":\"https:\/\/foto-darceky.sk\/#website\"},\"primaryImageOfPage\":{\"@id\":\"https:\/\/foto-darceky.sk\/?page_id=169#primaryimage\"},\"datePublished\":\"2019-01-30T21:52:13+00:00\",\"dateModified\":\"2019-02-06T00:10:47+00:00\",\"breadcrumb\":{\"@id\":\"https:\/\/foto-darceky.sk\/?page_id=169#breadcrumb\"},\"inLanguage\":\"sk-SK\",\"potentialAction\":[{\"@type\":\"ReadAction\",\"target\":[\"https:\/\/foto-darceky.sk\/?page_id=169\"]}]},{\"@type\":\"BreadcrumbList\",\"@id\":\"https:\/\/foto-darceky.sk\/?page_id=169#breadcrumb\",\"itemListElement\":[{\"@type\":\"ListItem\",\"position\":1,\"name\":\"Home\",\"item\":\"https:\/\/foto-darceky.sk\/\"},{\"@type\":\"ListItem\",\"position\":2,\"name\":\"Text\u00edlie\"}]}]}<\/script>\n<!-- \/ Yoast SEO plugin. -->","yoast_head_json":{"title":"Text\u00edlie - Foto dar\u010deky","robots":{"index":"index","follow":"follow","max-snippet":"max-snippet:-1","max-image-preview":"max-image-preview:large","max-video-preview":"max-video-preview:-1"},"canonical":"https:\/\/foto-darceky.sk\/?page_id=169","og_locale":"sk_SK","og_type":"article","og_title":"Text\u00edlie - Foto dar\u010deky","og_description":"Fotodar\u010deky&nbsp;z textilu maj\u00fa svoje osobitn\u00e9 \u010daro. Ich pravideln\u00fdm nosen\u00edm v\u00e1m m\u00f4\u017eu robi\u0165 rados\u0165 ka\u017ed\u00fd de\u0148 a nielen V\u00e1m. \u010co tak vank\u00fa\u0161ik pre V\u00e1\u0161ho zvieracieho mil\u00e1\u010dika? Takto si dok\u00e1\u017eete vytvori\u0165&nbsp;jedine\u010dn\u00e9 tri\u010dko, vank\u00fa\u0161, z\u00e1steru \u010di ta\u0161ku, ktor\u00fa ur\u010dite nikde inde nen\u00e1jdete. V\u0161etko je to len o n\u00e1pade a v\u010faka dobr\u00e9mu n\u00e1padu m\u00f4\u017ee &hellip;","og_url":"https:\/\/foto-darceky.sk\/?page_id=169","og_site_name":"Foto dar\u010deky","article_modified_time":"2019-02-06T00:10:47+00:00","og_image":[{"url":"http:\/\/foto-darceky.sk\/wp-content\/uploads\/2019\/01\/bed-bedroom-cute-545016-1024x683.jpg"}],"twitter_card":"summary_large_image","schema":{"@context":"https:\/\/schema.org","@graph":[{"@type":"Organization","@id":"https:\/\/foto-darceky.sk\/#organization","name":"Foto dar\u010deky","url":"https:\/\/foto-darceky.sk\/","sameAs":[],"logo":{"@type":"ImageObject","inLanguage":"sk-SK","@id":"https:\/\/foto-darceky.sk\/#\/schema\/logo\/image\/","url":"https:\/\/foto-darceky.sk\/wp-content\/uploads\/2019\/01\/cropped-PicsArt_01-31-09.45.11-4.jpg","contentUrl":"https:\/\/foto-darceky.sk\/wp-content\/uploads\/2019\/01\/cropped-PicsArt_01-31-09.45.11-4.jpg","width":1498,"height":742,"caption":"Foto dar\u010deky"},"image":{"@id":"https:\/\/foto-darceky.sk\/#\/schema\/logo\/image\/"}},{"@type":"WebSite","@id":"https:\/\/foto-darceky.sk\/#website","url":"https:\/\/foto-darceky.sk\/","name":"Foto dar\u010deky","description":"Zachy\u0165 okamih kdeko\u013evek bude\u0161 a my ti z neho urob\u00edme do\u017eivotn\u00fa spomienku","publisher":{"@id":"https:\/\/foto-darceky.sk\/#organization"},"potentialAction":[{"@type":"SearchAction","target":{"@type":"EntryPoint","urlTemplate":"https:\/\/foto-darceky.sk\/?s={search_term_string}"},"query-input":"required name=search_term_string"}],"inLanguage":"sk-SK"},{"@type":"ImageObject","inLanguage":"sk-SK","@id":"https:\/\/foto-darceky.sk\/?page_id=169#primaryimage","url":"http:\/\/foto-darceky.sk\/wp-content\/uploads\/2019\/01\/bed-bedroom-cute-545016-1024x683.jpg","contentUrl":"http:\/\/foto-darceky.sk\/wp-content\/uploads\/2019\/01\/bed-bedroom-cute-545016-1024x683.jpg"},{"@type":"WebPage","@id":"https:\/\/foto-darceky.sk\/?page_id=169","url":"https:\/\/foto-darceky.sk\/?page_id=169","name":"Text\u00edlie - Foto dar\u010deky","isPartOf":{"@id":"https:\/\/foto-darceky.sk\/#website"},"primaryImageOfPage":{"@id":"https:\/\/foto-darceky.sk\/?page_id=169#primaryimage"},"datePublished":"2019-01-30T21:52:13+00:00","dateModified":"2019-02-06T00:10:47+00:00","breadcrumb":{"@id":"https:\/\/foto-darceky.sk\/?page_id=169#breadcrumb"},"inLanguage":"sk-SK","potentialAction":[{"@type":"ReadAction","target":["https:\/\/foto-darceky.sk\/?page_id=169"]}]},{"@type":"BreadcrumbList","@id":"https:\/\/foto-darceky.sk\/?page_id=169#breadcrumb","itemListElement":[{"@type":"ListItem","position":1,"name":"Home","item":"https:\/\/foto-darceky.sk\/"},{"@type":"ListItem","position":2,"name":"Text\u00edlie"}]}]}},"jetpack_sharing_enabled":true,"jetpack_shortlink":"https:\/\/wp.me\/PaFJ2d-2J","_links":{"self":[{"href":"https:\/\/foto-darceky.sk\/index.php?rest_route=\/wp\/v2\/pages\/169"}],"collection":[{"href":"https:\/\/foto-darceky.sk\/index.php?rest_route=\/wp\/v2\/pages"}],"about":[{"href":"https:\/\/foto-darceky.sk\/index.php?rest_route=\/wp\/v2\/types\/page"}],"author":[{"embeddable":true,"href":"https:\/\/foto-darceky.sk\/index.php?rest_route=\/wp\/v2\/users\/1"}],"replies":[{"embeddable":true,"href":"https:\/\/foto-darceky.sk\/index.php?rest_route=%2Fwp%2Fv2%2Fcomments&post=169"}],"version-history":[{"count":3,"href":"https:\/\/foto-darceky.sk\/index.php?rest_route=\/wp\/v2\/pages\/169\/revisions"}],"predecessor-version":[{"id":531,"href":"https:\/\/foto-darceky.sk\/index.php?rest_route=\/wp\/v2\/pages\/169\/revisions\/531"}],"wp:attachment":[{"href":"https:\/\/foto-darceky.sk\/index.php?rest_route=%2Fwp%2Fv2%2Fmedia&parent=169"}],"curies":[{"name":"wp","href":"https:\/\/api.w.org\/{rel}","templated":true}]}}